{"id":26,"date":"2025-06-09T12:59:58","date_gmt":"2025-06-09T12:59:58","guid":{"rendered":"https:\/\/www.antonellasera.it\/?page_id=26"},"modified":"2026-02-09T06:18:07","modified_gmt":"2026-02-09T06:18:07","slug":"biografia","status":"publish","type":"page","link":"https:\/\/www.antonellasera.it\/?page_id=26","title":{"rendered":"Biografia"},"content":{"rendered":"\t\t<div data-elementor-type=\"wp-page\" data-elementor-id=\"26\" class=\"elementor elementor-26\" data-elementor-post-type=\"page\">\n\t\t\t\t<div class=\"elementor-element elementor-element-9255e59 e-flex e-con-boxed e-con e-parent\" data-id=\"9255e59\" data-element_type=\"container\" data-e-type=\"container\">\n\t\t\t\t\t<div class=\"e-con-inner\">\n\t\t<div class=\"elementor-element elementor-element-fd2002c e-con-full e-flex e-con e-child\" data-id=\"fd2002c\" data-element_type=\"container\" data-e-type=\"container\">\n\t\t\t\t<div class=\"elementor-element elementor-element-2173284 elementor-widget elementor-widget-image\" data-id=\"2173284\" data-element_type=\"widget\" data-e-type=\"widget\" data-widget_type=\"image.default\">\n\t\t\t\t\t\t\t\t\t\t\t\t\t\t\t<img fetchpriority=\"high\" decoding=\"async\" width=\"768\" height=\"1024\" src=\"https:\/\/www.antonellasera.it\/wp-content\/uploads\/2025\/06\/MG_0738-DEF-768x1024.jpg\" class=\"attachment-large size-large wp-image-53\" alt=\"\" srcset=\"https:\/\/www.antonellasera.it\/wp-content\/uploads\/2025\/06\/MG_0738-DEF-768x1024.jpg 768w, https:\/\/www.antonellasera.it\/wp-content\/uploads\/2025\/06\/MG_0738-DEF-225x300.jpg 225w, https:\/\/www.antonellasera.it\/wp-content\/uploads\/2025\/06\/MG_0738-DEF-1152x1536.jpg 1152w, https:\/\/www.antonellasera.it\/wp-content\/uploads\/2025\/06\/MG_0738-DEF.jpg 1200w\" sizes=\"(max-width: 768px) 100vw, 768px\" \/>\t\t\t\t\t\t\t\t\t\t\t\t\t\t\t<\/div>\n\t\t\t\t<\/div>\n\t\t<div class=\"elementor-element elementor-element-ba3ae7a e-con-full e-flex e-con e-child\" data-id=\"ba3ae7a\" data-element_type=\"container\" data-e-type=\"container\">\n\t\t\t\t<div class=\"elementor-element elementor-element-ada1e9c elementor-widget elementor-widget-heading\" data-id=\"ada1e9c\" data-element_type=\"widget\" data-e-type=\"widget\" data-widget_type=\"heading.default\">\n\t\t\t\t\t<h2 class=\"elementor-heading-title elementor-size-default\">Biografia<\/h2>\t\t\t\t<\/div>\n\t\t\t\t<div class=\"elementor-element elementor-element-8d04bc4 elementor-widget-divider--view-line elementor-widget elementor-widget-divider\" data-id=\"8d04bc4\" data-element_type=\"widget\" data-e-type=\"widget\" data-widget_type=\"divider.default\">\n\t\t\t\t\t\t\t<div class=\"elementor-divider\">\n\t\t\t<span class=\"elementor-divider-separator\">\n\t\t\t\t\t\t<\/span>\n\t\t<\/div>\n\t\t\t\t\t\t<\/div>\n\t\t\t\t<div class=\"elementor-element elementor-element-9be05e9 elementor-widget elementor-widget-text-editor\" data-id=\"9be05e9\" data-element_type=\"widget\" data-e-type=\"widget\" data-widget_type=\"text-editor.default\">\n\t\t\t\t\t\t\t\t\t<p>Antonella Ser\u00e0 inizia la sua carriera come interprete, raffinata e attenta, per poi continuare come cantautrice dando vita ad un interessante repertorio inedito. Nel suo cantare si ascoltano richiami alla musica brasiliana e jazz che danno un tocco speciale alle sue performance.<\/p>\t\t\t\t\t\t\t\t<\/div>\n\t\t\t\t<div class=\"elementor-element elementor-element-7cc66f3 elementor-widget elementor-widget-text-editor\" data-id=\"7cc66f3\" data-element_type=\"widget\" data-e-type=\"widget\" data-widget_type=\"text-editor.default\">\n\t\t\t\t\t\t\t\t\t<p>Durante il periodo di intensa attivit\u00e0 che l\u2019ha impegnata in concerti, festival, trasmissioni radiofoniche e televisive, sono nate importanti collaborazioni con alcuni tra i migliori musicisti italiani come Mario Arcari, Ellade Bandini, Armando Corsi, Antonio Marangolo, Carlo Marrale, Riccardo Tesi, Fabio Vernizzi, Vincenzo Zitello.<\/p>\t\t\t\t\t\t\t\t<\/div>\n\t\t\t\t<div class=\"elementor-element elementor-element-684461b elementor-widget elementor-widget-text-editor\" data-id=\"684461b\" data-element_type=\"widget\" data-e-type=\"widget\" data-widget_type=\"text-editor.default\">\n\t\t\t\t\t\t\t\t\t<p>La sua amicizia con i maestri Umberto Bindi e Bruno Lauzi rinforza la sua passione per la canzone d\u2019autore che la porta a sviluppare ogni anno progetti \u201clive\u201d diversi: esperienze, emozioni, ricordi, tutto passa attraverso la musica e le canzoni diventano riferimenti importanti.<\/p>\t\t\t\t\t\t\t\t<\/div>\n\t\t\t\t<\/div>\n\t\t\t\t\t<\/div>\n\t\t\t\t<\/div>\n\t\t<div class=\"elementor-element elementor-element-6475f8b e-flex e-con-boxed e-con e-parent\" data-id=\"6475f8b\" data-element_type=\"container\" data-e-type=\"container\">\n\t\t\t\t\t<div class=\"e-con-inner\">\n\t\t<div class=\"elementor-element elementor-element-b7ba99c e-con-full e-flex e-con e-child\" data-id=\"b7ba99c\" data-element_type=\"container\" data-e-type=\"container\">\n\t\t\t\t<div class=\"elementor-element elementor-element-424140a elementor-widget elementor-widget-text-editor\" data-id=\"424140a\" data-element_type=\"widget\" data-e-type=\"widget\" data-widget_type=\"text-editor.default\">\n\t\t\t\t\t\t\t\t\t<p>Nei suoi progetti si fondono musica, amore e natura, universi infiniti fatti di mille sfumature, che ispirano quotidianamente la sua creativit\u00e0.<\/p>\t\t\t\t\t\t\t\t<\/div>\n\t\t\t\t<div class=\"elementor-element elementor-element-a55e1a8 elementor-widget elementor-widget-text-editor\" data-id=\"a55e1a8\" data-element_type=\"widget\" data-e-type=\"widget\" data-widget_type=\"text-editor.default\">\n\t\t\t\t\t\t\t\t\t<p>Dal 2000 affianca alla sua attivit\u00e0 artistica anche quella della didattica che l\u2019ha portata ad aprire nel 2006 la scuola di musica A.L.C.A.demia (Accademia Ligure della Canzone d\u2019Autore), dove nascono il suo \u201cPiccolo coro Lollipop\u201d e il concorso musicale nazionale \u201cLa luna al guinzaglio\u201d.<\/p>\t\t\t\t\t\t\t\t<\/div>\n\t\t\t\t<div class=\"elementor-element elementor-element-2b9b339 elementor-widget elementor-widget-text-editor\" data-id=\"2b9b339\" data-element_type=\"widget\" data-e-type=\"widget\" data-widget_type=\"text-editor.default\">\n\t\t\t\t\t\t\t\t\t<p>Per conoscerla meglio leggete come si racconta, con queste poche parole:<\/p>\t\t\t\t\t\t\t\t<\/div>\n\t\t\t\t<div class=\"elementor-element elementor-element-87119d8 elementor-view-default elementor-widget elementor-widget-icon\" data-id=\"87119d8\" data-element_type=\"widget\" data-e-type=\"widget\" data-widget_type=\"icon.default\">\n\t\t\t\t\t\t\t<div class=\"elementor-icon-wrapper\">\n\t\t\t<div class=\"elementor-icon\">\n\t\t\t<svg aria-hidden=\"true\" class=\"e-font-icon-svg e-fas-quote-left\" viewBox=\"0 0 512 512\" xmlns=\"http:\/\/www.w3.org\/2000\/svg\"><path d=\"M464 256h-80v-64c0-35.3 28.7-64 64-64h8c13.3 0 24-10.7 24-24V56c0-13.3-10.7-24-24-24h-8c-88.4 0-160 71.6-160 160v240c0 26.5 21.5 48 48 48h128c26.5 0 48-21.5 48-48V304c0-26.5-21.5-48-48-48zm-288 0H96v-64c0-35.3 28.7-64 64-64h8c13.3 0 24-10.7 24-24V56c0-13.3-10.7-24-24-24h-8C71.6 32 0 103.6 0 192v240c0 26.5 21.5 48 48 48h128c26.5 0 48-21.5 48-48V304c0-26.5-21.5-48-48-48z\"><\/path><\/svg>\t\t\t<\/div>\n\t\t<\/div>\n\t\t\t\t\t\t<\/div>\n\t\t\t\t<div class=\"elementor-element elementor-element-e1c6d30 elementor-widget elementor-widget-text-editor\" data-id=\"e1c6d30\" data-element_type=\"widget\" data-e-type=\"widget\" data-widget_type=\"text-editor.default\">\n\t\t\t\t\t\t\t\t\t<p>\u201cAmo il mio lavoro come amo la mia vita, sono me stessa quando canto, sono felice quando sono a contatto con la Natura e posso dedicarmi al mio giardino e al mio b&amp;b.<\/p><p>Mi piace la musica brasiliana e mangiare genuino. Ho una cagnolina dolcissima e la mia famiglia \u00e8 una benedizione.<\/p><p>Vivere in armonia non \u00e8 facile, soprattutto in questo periodo storico, ma \u00e8 la mia priorit\u00e0!\u201d<\/p>\t\t\t\t\t\t\t\t<\/div>\n\t\t\t\t<div class=\"elementor-element elementor-element-6151ccd elementor-view-default elementor-widget elementor-widget-icon\" data-id=\"6151ccd\" data-element_type=\"widget\" data-e-type=\"widget\" data-widget_type=\"icon.default\">\n\t\t\t\t\t\t\t<div class=\"elementor-icon-wrapper\">\n\t\t\t<div class=\"elementor-icon\">\n\t\t\t<svg aria-hidden=\"true\" class=\"e-font-icon-svg e-fas-quote-right\" viewBox=\"0 0 512 512\" xmlns=\"http:\/\/www.w3.org\/2000\/svg\"><path d=\"M464 32H336c-26.5 0-48 21.5-48 48v128c0 26.5 21.5 48 48 48h80v64c0 35.3-28.7 64-64 64h-8c-13.3 0-24 10.7-24 24v48c0 13.3 10.7 24 24 24h8c88.4 0 160-71.6 160-160V80c0-26.5-21.5-48-48-48zm-288 0H48C21.5 32 0 53.5 0 80v128c0 26.5 21.5 48 48 48h80v64c0 35.3-28.7 64-64 64h-8c-13.3 0-24 10.7-24 24v48c0 13.3 10.7 24 24 24h8c88.4 0 160-71.6 160-160V80c0-26.5-21.5-48-48-48z\"><\/path><\/svg>\t\t\t<\/div>\n\t\t<\/div>\n\t\t\t\t\t\t<\/div>\n\t\t\t\t<\/div>\n\t\t<div class=\"elementor-element elementor-element-99f9891 e-con-full e-flex e-con e-child\" data-id=\"99f9891\" data-element_type=\"container\" data-e-type=\"container\">\n\t\t\t\t<div class=\"elementor-element elementor-element-c8e20a6 elementor-widget elementor-widget-image\" data-id=\"c8e20a6\" data-element_type=\"widget\" data-e-type=\"widget\" data-widget_type=\"image.default\">\n\t\t\t\t\t\t\t\t\t\t\t\t\t\t\t<img decoding=\"async\" width=\"683\" height=\"1024\" src=\"https:\/\/www.antonellasera.it\/wp-content\/uploads\/2025\/06\/MG_0677-DEF-683x1024.jpg\" class=\"attachment-large size-large wp-image-54\" alt=\"\" srcset=\"https:\/\/www.antonellasera.it\/wp-content\/uploads\/2025\/06\/MG_0677-DEF-683x1024.jpg 683w, https:\/\/www.antonellasera.it\/wp-content\/uploads\/2025\/06\/MG_0677-DEF-200x300.jpg 200w, https:\/\/www.antonellasera.it\/wp-content\/uploads\/2025\/06\/MG_0677-DEF-768x1152.jpg 768w, https:\/\/www.antonellasera.it\/wp-content\/uploads\/2025\/06\/MG_0677-DEF-1024x1536.jpg 1024w, https:\/\/www.antonellasera.it\/wp-content\/uploads\/2025\/06\/MG_0677-DEF-1365x2048.jpg 1365w, https:\/\/www.antonellasera.it\/wp-content\/uploads\/2025\/06\/MG_0677-DEF-scaled.jpg 1707w\" sizes=\"(max-width: 683px) 100vw, 683px\" \/>\t\t\t\t\t\t\t\t\t\t\t\t\t\t\t<\/div>\n\t\t\t\t<\/div>\n\t\t\t\t\t<\/div>\n\t\t\t\t<\/div>\n\t\t\t\t<\/div>\n\t\t","protected":false},"excerpt":{"rendered":"<p>Biografia Antonella Ser\u00e0 inizia la sua carriera come interprete, raffinata e attenta, per poi continuare come cantautrice dando vita ad un interessante repertorio inedito. Nel suo cantare si ascoltano richiami alla musica brasiliana e jazz che danno un tocco speciale alle sue performance. Durante il periodo di intensa attivit\u00e0 che l\u2019ha impegnata in concerti, festival, [&hellip;]<\/p>\n","protected":false},"author":1,"featured_media":0,"parent":0,"menu_order":0,"comment_status":"closed","ping_status":"closed","template":"elementor_header_footer","meta":{"footnotes":""},"class_list":["post-26","page","type-page","status-publish","hentry"],"_links":{"self":[{"href":"https:\/\/www.antonellasera.it\/index.php?rest_route=\/wp\/v2\/pages\/26","targetHints":{"allow":["GET"]}}],"collection":[{"href":"https:\/\/www.antonellasera.it\/index.php?rest_route=\/wp\/v2\/pages"}],"about":[{"href":"https:\/\/www.antonellasera.it\/index.php?rest_route=\/wp\/v2\/types\/page"}],"author":[{"embeddable":true,"href":"https:\/\/www.antonellasera.it\/index.php?rest_route=\/wp\/v2\/users\/1"}],"replies":[{"embeddable":true,"href":"https:\/\/www.antonellasera.it\/index.php?rest_route=%2Fwp%2Fv2%2Fcomments&post=26"}],"version-history":[{"count":19,"href":"https:\/\/www.antonellasera.it\/index.php?rest_route=\/wp\/v2\/pages\/26\/revisions"}],"predecessor-version":[{"id":168,"href":"https:\/\/www.antonellasera.it\/index.php?rest_route=\/wp\/v2\/pages\/26\/revisions\/168"}],"wp:attachment":[{"href":"https:\/\/www.antonellasera.it\/index.php?rest_route=%2Fwp%2Fv2%2Fmedia&parent=26"}],"curies":[{"name":"wp","href":"https:\/\/api.w.org\/{rel}","templated":true}]}}